{"id":143,"date":"2020-02-24T13:08:57","date_gmt":"2020-02-24T13:08:57","guid":{"rendered":"https:\/\/demosites.io\/zelle-gb\/?page_id=143"},"modified":"2023-11-03T09:22:47","modified_gmt":"2023-11-03T09:22:47","slug":"0227d-home","status":"publish","type":"page","link":"http:\/\/viaromana.cat\/","title":{"rendered":"Home"},"content":{"rendered":"\n<div id=\"wp-block-themeisle-blocks-advanced-columns-d26b6b4e\" class=\"wp-block-themeisle-blocks-advanced-columns alignfull has-1-columns has-desktop-equal-layout has-tablet-equal-layout has-mobile-equal-layout has-vertical-center\"><div class=\"wp-block-themeisle-blocks-advanced-columns-overlay\"><\/div><div class=\"innerblocks-wrap\">\n<div id=\"wp-block-themeisle-blocks-advanced-column-bc8f6b49\" class=\"wp-block-themeisle-blocks-advanced-column\">\n<h1 class=\"wp-block-heading has-text-align-center has-white-color has-text-color\">VIA ROMANA.CAT<\/h1>\n\n\n\n<div style=\"height:20px\" aria-hidden=\"true\" class=\"wp-block-spacer\"><\/div>\n\n\n\n<div id=\"wp-block-themeisle-blocks-button-group-2dde628f\" class=\"wp-block-themeisle-blocks-button-group wp-block-buttons align-center\">\n<div id=\"wp-block-themeisle-blocks-button-9b0883a7\" class=\"wp-block-themeisle-blocks-button wp-block-button\"><a href=\"\" target=\"_self\" rel=\"noopener noreferrer\" class=\"wp-block-button__link\"><span>QUI S\u00d3M?<\/span><\/a><\/div>\n\n\n\n<div id=\"wp-block-themeisle-blocks-button-571269f2\" class=\"wp-block-themeisle-blocks-button wp-block-button\"><a href=\"\" target=\"_self\" rel=\"noopener noreferrer\" class=\"wp-block-button__link\"><span>SERVEIS<\/span><\/a><\/div>\n<\/div>\n<\/div>\n<\/div><\/div>\n\n\n\n<div id=\"focus\" class=\"wp-block-themeisle-blocks-advanced-columns alignfull has-1-columns has-desktop-equal-layout has-tablet-equal-layout has-mobile-equal-layout has-vertical-unset\"><div class=\"wp-block-themeisle-blocks-advanced-columns-overlay\"><\/div><div class=\"innerblocks-wrap\">\n<div id=\"wp-block-themeisle-blocks-advanced-column-b3c846e4\" class=\"wp-block-themeisle-blocks-advanced-column\">\n<h2 class=\"wp-block-heading has-text-align-center\">VIA ROMANA<\/h2>\n\n\n\n<p class=\"has-text-align-center\">al seu servei<\/p>\n<\/div>\n<\/div><\/div>\n\n\n\n<div id=\"se\" class=\"wp-block-themeisle-blocks-advanced-columns alignfull has-4-columns has-desktop-equal-layout has-tablet-equal-layout has-mobile-collapsedRows-layout has-vertical-unset\"><div class=\"wp-block-themeisle-blocks-advanced-columns-overlay\"><\/div><div class=\"innerblocks-wrap\">\n<div id=\"wp-block-themeisle-blocks-advanced-column-71484aac\" class=\"wp-block-themeisle-blocks-advanced-column\">\n<div id=\"wp-block-themeisle-blocks-font-awesome-icons-29583e4b\" class=\"wp-block-themeisle-blocks-font-awesome-icons\"><span class=\"wp-block-themeisle-blocks-font-awesome-icons-container\"><i class=\"fas fa-house-user\"><\/i><\/span><\/div>\n\n\n\n<div style=\"height:5px\" aria-hidden=\"true\" class=\"wp-block-spacer\"><\/div>\n\n\n\n<h5 id=\"wp-block-themeisle-blocks-advanced-heading-e50a9371\" class=\"wp-block-themeisle-blocks-advanced-heading wp-block-themeisle-blocks-advanced-heading-e50a9371 red-border-bottom\">INMOBILIARIA<\/h5>\n\n\n\n<p class=\"has-text-align-center has-link-color-color has-text-color\" style=\"font-size:14px\">Venda, lloguer y administraci\u00f3 de tr\u00e0mits rel\u00b7lacionats. Ens encarreguem de tot.<br><\/p>\n<\/div>\n\n\n\n<div id=\"wp-block-themeisle-blocks-advanced-column-a0079089\" class=\"wp-block-themeisle-blocks-advanced-column\">\n<div id=\"wp-block-themeisle-blocks-font-awesome-icons-cdfe10a4\" class=\"wp-block-themeisle-blocks-font-awesome-icons\"><span class=\"wp-block-themeisle-blocks-font-awesome-icons-container\"><i class=\"fas fa-hands-helping\"><\/i><\/span><\/div>\n\n\n\n<div style=\"height:5px\" aria-hidden=\"true\" class=\"wp-block-spacer\"><\/div>\n\n\n\n<h5 id=\"wp-block-themeisle-blocks-advanced-heading-7964a169\" class=\"wp-block-themeisle-blocks-advanced-heading wp-block-themeisle-blocks-advanced-heading-7964a169\">ATENCI\u00d3 AL CLIENT<\/h5>\n\n\n\n<p class=\"has-text-align-center has-link-color-color has-text-color\" style=\"font-size:14px\">Ens encarreguem de tot, de totes les operacions de principi a fi. I est\u00e1n contents propietaris i clients finals.<\/p>\n<\/div>\n\n\n\n<div id=\"wp-block-themeisle-blocks-advanced-column-3ad7ac1c\" class=\"wp-block-themeisle-blocks-advanced-column\">\n<div id=\"wp-block-themeisle-blocks-font-awesome-icons-3f5f9531\" class=\"wp-block-themeisle-blocks-font-awesome-icons\"><span class=\"wp-block-themeisle-blocks-font-awesome-icons-container\"><svg xmlns=\"http:\/\/www.w3.org\/2000\/svg\" viewBox=\"0 0 1800 1800\"><path d=\"M1765.051,0H34.949C17.561,0,3.466,14.095,3.466,31.484v476.753c0,17.389,14.095,31.483,31.483,31.483 h1730.102c17.389,0,31.484-14.095,31.484-31.483V31.484C1796.535,14.095,1782.439,0,1765.051,0z M1733.567,476.753H66.433V62.968 h1667.134V476.753z\"><\/path><path d=\"M511.707,1260.279H34.954c-17.389,0-31.484,14.1-31.484,31.484v476.753 c0,17.394,14.095,31.483,31.484,31.483h476.753c17.389,0,31.483-14.09,31.483-31.483v-476.753 C543.19,1274.379,529.096,1260.279,511.707,1260.279z M480.223,1737.033H66.438v-413.786h413.786V1737.033z\"><\/path><path d=\"M1138.377,1260.279H661.624c-17.389,0-31.484,14.1-31.484,31.484v476.753 c0,17.394,14.095,31.483,31.484,31.483h476.753c17.389,0,31.483-14.09,31.483-31.483v-476.753 C1169.86,1274.379,1155.766,1260.279,1138.377,1260.279z M1106.893,1737.033H693.107v-413.786h413.785V1737.033z\"><\/path><path d=\"M1765.051,1260.279h-476.753c-17.39,0-31.483,14.1-31.483,31.484v476.753 c0,17.394,14.094,31.483,31.483,31.483h476.753c17.389,0,31.484-14.09,31.484-31.483v-476.753 C1796.535,1274.379,1782.439,1260.279,1765.051,1260.279z M1733.567,1737.033h-413.786v-413.786h413.786V1737.033z\"><\/path><path d=\"M900,593.693c-17.389,0-31.483,14.095-31.483,31.484v324.763H273.33c-17.389,0-31.483,14.1-31.483,31.484 v193.4c0,17.393,14.095,31.482,31.483,31.482c17.389,0,31.484-14.09,31.484-31.482v-161.917h563.703v161.917 c0,17.393,14.095,31.482,31.483,31.482s31.484-14.09,31.484-31.482v-161.917h563.706v161.917c0,17.393,14.095,31.482,31.483,31.482 s31.484-14.09,31.484-31.482v-193.4c0-17.385-14.096-31.484-31.484-31.484H931.484V625.177 C931.484,607.788,917.389,593.693,900,593.693z\"><\/path><\/svg><\/span><\/div>\n\n\n\n<div style=\"height:5px\" aria-hidden=\"true\" class=\"wp-block-spacer\"><\/div>\n\n\n\n<h5 id=\"wp-block-themeisle-blocks-advanced-heading-68f9f4b6\" class=\"wp-block-themeisle-blocks-advanced-heading wp-block-themeisle-blocks-advanced-heading-68f9f4b6\">ADMINISTRACI\u00d3<\/h5>\n\n\n\n<p class=\"has-text-align-center has-link-color-color has-text-color\" style=\"font-size:14px\">Administrem comunitats de propietaris amb un servei professional i dedicat a propietats horizontals.<br><\/p>\n<\/div>\n\n\n\n<div id=\"wp-block-themeisle-blocks-advanced-column-ccc3b8de\" class=\"wp-block-themeisle-blocks-advanced-column\">\n<div id=\"wp-block-themeisle-blocks-font-awesome-icons-22d55894\" class=\"wp-block-themeisle-blocks-font-awesome-icons\"><span class=\"wp-block-themeisle-blocks-font-awesome-icons-container\"><i class=\"fas fa-archway\"><\/i><\/span><\/div>\n\n\n\n<div style=\"height:5px\" aria-hidden=\"true\" class=\"wp-block-spacer\"><\/div>\n\n\n\n<h5 id=\"wp-block-themeisle-blocks-advanced-heading-276b20bd\" class=\"wp-block-themeisle-blocks-advanced-heading wp-block-themeisle-blocks-advanced-heading-276b20bd\">PATRIMONI<\/h5>\n\n\n\n<p class=\"has-text-align-center has-link-color-color has-text-color\" style=\"font-size:14px\">Gestionem el seu patrimoni inmobiliari amb el millor servei i una amplia experi\u00e8ncia al sector.<br><\/p>\n<\/div>\n<\/div><\/div>\n\n\n\n<div id=\"testimonials\" class=\"wp-block-themeisle-blocks-advanced-columns alignfull has-1-columns has-desktop-equal-layout has-tablet-equal-layout has-mobile-equal-layout has-vertical-unset has-dark-bg\"><div class=\"wp-block-themeisle-blocks-advanced-columns-overlay\"><\/div><div class=\"innerblocks-wrap\">\n<div id=\"wp-block-themeisle-blocks-advanced-column-b0f59dbe\" class=\"wp-block-themeisle-blocks-advanced-column\">\n<h2 class=\"wp-block-heading has-text-align-center has-white-color has-text-color\">QUI SOM?<\/h2>\n\n\n\n<div id=\"wp-block-themeisle-blocks-advanced-columns-efde3995\" class=\"wp-block-themeisle-blocks-advanced-columns has-3-columns has-desktop-oneOneTwo-layout has-tablet-equal-layout has-mobile-collapsedRows-layout has-vertical-unset\"><div class=\"wp-block-themeisle-blocks-advanced-columns-overlay\"><\/div><div class=\"innerblocks-wrap\">\n<div id=\"wp-block-themeisle-blocks-advanced-column-1e603c45\" class=\"wp-block-themeisle-blocks-advanced-column\">\n<p class=\"has-text-align-right has-x-large-font-size\">Equip amb amplia experi\u00e8ncia al sector.<\/p>\n<\/div>\n\n\n\n<div id=\"wp-block-themeisle-blocks-advanced-column-5933c743\" class=\"wp-block-themeisle-blocks-advanced-column\">\n<p>Som una agencia immobili\u00e0ria especialitzada en la gesti\u00f3 integral de la propietat. Amb nosaltres trobar\u00e0 un servei y atenci\u00f3 individualitzada. El nostre equip el formen professionals que buscaran per a tu la opci\u00f3 que m\u00e9s s\u2019adapti a les teves necessitats. Des de la nostra oficina podrem informar-li de la seva millor inversi\u00f3 i li facilitarem tots els tr\u00e0mits necessaris per qualsevol transacci\u00f3, i fer possible que la seva compra esdevingui una inversi\u00f3 garantitzada.<\/p>\n<\/div>\n\n\n\n<div id=\"wp-block-themeisle-blocks-advanced-column-62f3d473\" class=\"wp-block-themeisle-blocks-advanced-column\">\n<section class=\"wp-block-group has-nv-text-dark-bg-color has-text-color has-large-font-size is-horizontal is-content-justification-center is-layout-flex wp-container-core-group-is-layout-ddb39544 wp-block-group-is-layout-flex\">\n<div class=\"wp-block-columns is-layout-flex wp-container-core-columns-is-layout-9d6595d7 wp-block-columns-is-layout-flex\">\n<div class=\"wp-block-column has-nv-site-bg-color has-text-color has-small-font-size is-layout-flow wp-block-column-is-layout-flow\" style=\"flex-basis:150%\">\n<div class=\"wp-block-group has-nv-site-bg-color has-text-color is-nowrap is-layout-flex wp-container-core-group-is-layout-ad2f72ca wp-block-group-is-layout-flex\">\n<div id=\"wp-block-themeisle-blocks-circle-counter-77b1c3c5\" data-percentage=\"90\" data-duration=\"2\" data-height=\"80\" data-stroke-width=\"10\" data-font-size-percent=\"16\" data-progress-stroke=\"#af4343\" class=\"wp-block-themeisle-blocks-circle-counter\"><div class=\"wp-block-themeisle-blocks-circle-counter__bar\"><\/div><div class=\"wp-block-themeisle-blocks-circle-counter-title__area\"><span class=\"wp-block-themeisle-blocks-circle-counter-title__value\">INMOBILIARIA<\/span><\/div><\/div>\n\n\n\n<div id=\"wp-block-themeisle-blocks-circle-counter-86593ca0\" data-percentage=\"98\" data-duration=\"2\" data-height=\"80\" data-stroke-width=\"10\" data-font-size-percent=\"18\" data-progress-stroke=\"#2a925a\" class=\"wp-block-themeisle-blocks-circle-counter\"><div class=\"wp-block-themeisle-blocks-circle-counter__bar\"><\/div><div class=\"wp-block-themeisle-blocks-circle-counter-title__area\"><span class=\"wp-block-themeisle-blocks-circle-counter-title__value\">ATENCI\u00d3 AL CLIENT<\/span><\/div><\/div>\n\n\n\n<div id=\"wp-block-themeisle-blocks-circle-counter-8559c6b4\" data-percentage=\"60\" data-duration=\"2\" data-height=\"80\" data-stroke-width=\"10\" data-progress-stroke=\"#47a2ca\" class=\"wp-block-themeisle-blocks-circle-counter\"><div class=\"wp-block-themeisle-blocks-circle-counter__bar\"><\/div><div class=\"wp-block-themeisle-blocks-circle-counter-title__area\"><span class=\"wp-block-themeisle-blocks-circle-counter-title__value\">ADMINISTRACI\u00d3<\/span><\/div><\/div>\n\n\n\n<div id=\"wp-block-themeisle-blocks-circle-counter-c657296a\" data-percentage=\"70\" data-duration=\"2\" data-height=\"80\" data-stroke-width=\"10\" data-progress-stroke=\"#ffa809\" class=\"wp-block-themeisle-blocks-circle-counter\"><div class=\"wp-block-themeisle-blocks-circle-counter__bar\"><\/div><div class=\"wp-block-themeisle-blocks-circle-counter-title__area\"><span class=\"wp-block-themeisle-blocks-circle-counter-title__value\">PATRIMONI<\/span><\/div><\/div>\n<\/div>\n<\/div>\n<\/div>\n<\/section>\n<\/div>\n<\/div><\/div>\n<\/div>\n<\/div><\/div>\n\n\n\n<div class=\"wp-block-group alignfull\"><div class=\"wp-block-group__inner-container is-layout-constrained wp-block-group-is-layout-constrained\">\n<div id=\"wp-block-themeisle-blocks-advanced-columns-d2b3b50b\" class=\"wp-block-themeisle-blocks-advanced-columns alignfull has-4-columns has-desktop-equal-layout has-tablet-equal-layout has-mobile-collapsedRows-layout has-vertical-unset has-dark-bg\"><div class=\"wp-block-themeisle-blocks-advanced-columns-overlay\"><\/div><div class=\"innerblocks-wrap\">\n<div id=\"wp-block-themeisle-blocks-advanced-column-34178fa7\" class=\"wp-block-themeisle-blocks-advanced-column\">\n<div id=\"wp-block-themeisle-blocks-font-awesome-icons-b2e502b6\" class=\"wp-block-themeisle-blocks-font-awesome-icons\"><span class=\"wp-block-themeisle-blocks-font-awesome-icons-container\"><i class=\"far fa-map\"><\/i><\/span><\/div>\n\n\n\n<p>Av. de Prat de la Riba, 47, 43201 Reus, Tarragona<\/p>\n<\/div>\n\n\n\n<div id=\"wp-block-themeisle-blocks-advanced-column-f47e1f6c\" class=\"wp-block-themeisle-blocks-advanced-column\">\n<div id=\"wp-block-themeisle-blocks-font-awesome-icons-135a5b66\" class=\"wp-block-themeisle-blocks-font-awesome-icons\"><span class=\"wp-block-themeisle-blocks-font-awesome-icons-container\"><i class=\"fas fa-envelope\"><\/i><\/span><\/div>\n\n\n\n<p class=\"has-text-align-center has-text-color\" style=\"color:#939393;font-size:14px\"><a href=\"https:\/\/web.archive.org\/web\/20220726095826\/mailto:info@viaromana.cat\">info@viaromana.cat<\/a><\/p>\n<\/div>\n\n\n\n<div id=\"wp-block-themeisle-blocks-advanced-column-ff2e198d\" class=\"wp-block-themeisle-blocks-advanced-column\">\n<div id=\"wp-block-themeisle-blocks-font-awesome-icons-5d962d6e\" class=\"wp-block-themeisle-blocks-font-awesome-icons\"><span class=\"wp-block-themeisle-blocks-font-awesome-icons-container\"><i class=\"fas fa-phone-square\"><\/i><\/span><\/div>\n\n\n\n<p class=\"has-text-align-center has-text-color\" style=\"color:#939393;font-size:14px\">977 32 37 16<\/p>\n<\/div>\n\n\n\n<div id=\"wp-block-themeisle-blocks-advanced-column-c483a70c\" class=\"wp-block-themeisle-blocks-advanced-column has-dark-bg\">\n<p class=\"has-text-align-center\"><strong>ViaRomana.cat <\/strong><a>&nbsp;<\/a>desarrollado \u00a9 Informatica Els Pallaresos<\/p>\n<\/div>\n<\/div><\/div>\n<\/div><\/div>\n","protected":false},"excerpt":{"rendered":"","protected":false},"author":1,"featured_media":0,"parent":0,"menu_order":0,"comment_status":"closed","ping_status":"closed","template":"page-templates\/template-pagebuilder-full-width.php","meta":{"neve_meta_sidebar":"full-width","neve_meta_container":"contained","neve_meta_enable_content_width":"on","neve_meta_content_width":70,"neve_meta_title_alignment":"center","neve_meta_author_avatar":"","neve_post_elements_order":"","neve_meta_disable_header":"","neve_meta_disable_footer":"","neve_meta_disable_title":"off","_themeisle_gutenberg_block_has_review":false,"footnotes":""},"class_list":["post-143","page","type-page","status-publish","hentry"],"_links":{"self":[{"href":"http:\/\/viaromana.cat\/index.php?rest_route=\/wp\/v2\/pages\/143","targetHints":{"allow":["GET"]}}],"collection":[{"href":"http:\/\/viaromana.cat\/index.php?rest_route=\/wp\/v2\/pages"}],"about":[{"href":"http:\/\/viaromana.cat\/index.php?rest_route=\/wp\/v2\/types\/page"}],"author":[{"embeddable":true,"href":"http:\/\/viaromana.cat\/index.php?rest_route=\/wp\/v2\/users\/1"}],"replies":[{"embeddable":true,"href":"http:\/\/viaromana.cat\/index.php?rest_route=%2Fwp%2Fv2%2Fcomments&post=143"}],"version-history":[{"count":4,"href":"http:\/\/viaromana.cat\/index.php?rest_route=\/wp\/v2\/pages\/143\/revisions"}],"predecessor-version":[{"id":182,"href":"http:\/\/viaromana.cat\/index.php?rest_route=\/wp\/v2\/pages\/143\/revisions\/182"}],"wp:attachment":[{"href":"http:\/\/viaromana.cat\/index.php?rest_route=%2Fwp%2Fv2%2Fmedia&parent=143"}],"curies":[{"name":"wp","href":"https:\/\/api.w.org\/{rel}","templated":true}]}}